{"id":1646,"date":"2025-04-02T22:15:16","date_gmt":"2025-04-03T02:15:16","guid":{"rendered":"https:\/\/abpq-club-lecture-1.jolistage.com\/?page_id=1646"},"modified":"2025-08-18T11:16:59","modified_gmt":"2025-08-18T15:16:59","slug":"quiz","status":"publish","type":"page","link":"https:\/\/biblioclub.ca\/2025\/enfants\/quiz\/","title":{"rendered":"Quiz"},"content":{"rendered":"<div class=\"htb htb-texte-image-accueil    default-margin-top  default-margin-bottom  htb-uid-1  pic_right\" >\n    <div class=\"container-xl\">\n        <div class=\"row\">\n            <div class=\"col-md-6 col-image order-md-2 \">\n                                    <div class=\"img-box\">\n                        <img decoding=\"async\" src=\"https:\/\/biblioclub.ca\/2025\/wp-content\/uploads\/sites\/4\/2025\/06\/spot4-abpq-final-2025-1500px.png\" alt=\"\" class=\"img-fluid\">\n                    <\/div>\n                            <\/div>\n            <div class=\"col-md-6 col-text order-1\">\n                <div class=\"content-box\">\n                                        <h1>Quiz<\/h1>\n<h6>Viens explorer la for\u00eat du Qu\u00e9bec !<\/h6>\n<p>Les animaux et les plantes t\u2019attendent ! Gr\u00e2ce \u00e0 nos quiz rigolos, tu vas apprendre \u00e0 reconna\u00eetre les arbres, les insectes, les oiseaux et plein d\u2019autres surprises de la nature.<\/p>\n                    <div class=\"bts-box\"><\/div>\n                <\/div>\n            <\/div>\n        <\/div>\n    <\/div>\n<\/div>\n\n<div class=\"htb htb-texte-image    default-margin-top  default-margin-bottom  bg-color color-yellow  htb-uid-2  pic_left\" >\n\t<div class=\"container-xl\">\n\t\t<div class=\"row\">\n\t\t\t<div class=\"col-md-6 col-image \">\n\t\t\t\t\t\t\t\t\t<div class=\"img-box\">\n\t\t\t\t\t\t<img decoding=\"async\" src=\"https:\/\/biblioclub.ca\/2025\/wp-content\/uploads\/sites\/4\/2025\/03\/spot7-abpq-final-2025-1500px-1.png\" alt=\"\" class=\"img-fluid\">\n\t\t\t\t\t<\/div>\n\t\t\t\t\t\t\t<\/div>\n\t\t\t<div class=\"col-md-6 col-text \">\n\t\t\t\t<div class=\"content-box\">\n\t\t\t\t\t\t\t\t\t\t<h2>Quiz #1<\/h2>\n<h6>Les Oiseaux du Qu\u00e9bec<\/h6>\n<p>Connais-tu les oiseaux qui chantent dans nos for\u00eats et volent dans le ciel du Qu\u00e9bec ?<\/p>\n<p>Teste tes connaissances et d\u00e9couvre plein de choses rigolotes sur eux !<\/p>\n\t\t\t\t\t<div class=\"bts-box\">\t<a class=\"btn btn-primary\" href=\"https:\/\/biblioclub.ca\/2025\/enfants\/defis-de-la-semaine\/quiz-1\/\" target=\"\" title=\"Quiz 1 Les Oiseaux du Qu\u00e9bec\"  >Connais-tu bien les oiseaux qu\u00e9b\u00e9cois? <\/a>\n<\/div>\n\t\t\t\t<\/div>\n\t\t\t<\/div>\n\t\t<\/div>\n\t<\/div>\n<\/div>\n\n\n<div class=\"htb htb-texte-image    default-margin-top  default-margin-bottom  bg-color color-none  htb-uid-3  pic_right\" >\n\t<div class=\"container-xl\">\n\t\t<div class=\"row\">\n\t\t\t<div class=\"col-md-6 col-image order-md-2 \">\n\t\t\t\t\t\t\t\t\t<div class=\"img-box\">\n\t\t\t\t\t\t<img decoding=\"async\" src=\"https:\/\/biblioclub.ca\/2025\/wp-content\/uploads\/sites\/4\/2025\/03\/spot9-abpq-final-2025-1500px.png\" alt=\"\" class=\"img-fluid\">\n\t\t\t\t\t<\/div>\n\t\t\t\t\t\t\t<\/div>\n\t\t\t<div class=\"col-md-6 col-text order-1\">\n\t\t\t\t<div class=\"content-box\">\n\t\t\t\t\t\t\t\t\t\t<h2>Quiz #2<\/h2>\n<h6>Les For\u00eats du Qu\u00e9bec<\/h6>\n<p>Les for\u00eats du Qu\u00e9bec sont remplies de myst\u00e8res, d\u2019animaux sauvages et d\u2019arbres majestueux. Ce quiz te fera voyager entre les feuilles, les racines et les secrets de la nature.<\/p>\n\t\t\t\t\t<div class=\"bts-box\">\t<a class=\"btn btn-primary\" href=\"https:\/\/biblioclub.ca\/2025\/enfants\/defis-de-la-semaine\/quiz-2\/\" target=\"_blank\" title=\"Quiz 2 \u2013 La for\u00eat du Qu\u00e9bec\"  >Teste tes connaissances sur la for\u00eat!<\/a>\n<\/div>\n\t\t\t\t<\/div>\n\t\t\t<\/div>\n\t\t<\/div>\n\t<\/div>\n<\/div>\n\n\n<div class=\"htb htb-texte-image    default-margin-top  default-margin-bottom  bg-color color-purple  htb-uid-4  pic_left\" >\n\t<div class=\"container-xl\">\n\t\t<div class=\"row\">\n\t\t\t<div class=\"col-md-6 col-image \">\n\t\t\t\t\t\t\t\t\t<div class=\"img-box\">\n\t\t\t\t\t\t<img decoding=\"async\" src=\"https:\/\/biblioclub.ca\/2025\/wp-content\/uploads\/sites\/4\/2025\/03\/spot2-abpq-final-2025-1500px.png\" alt=\"\" class=\"img-fluid\">\n\t\t\t\t\t<\/div>\n\t\t\t\t\t\t\t<\/div>\n\t\t\t<div class=\"col-md-6 col-text \">\n\t\t\t\t<div class=\"content-box\">\n\t\t\t\t\t\t\t\t\t\t<h2>Quiz #3<\/h2>\n<p><strong data-start=\"92\" data-end=\"145\">Bienvenue dans le monde incroyable des insectes !<\/strong><\/p>\n<p>Fourmis, coccinelles, papillons\u2026 Ils sont partout autour de nous, petits mais super importants !<\/p>\n<p>Teste tes connaissances et d\u00e9couvre plein de faits surprenants !<\/p>\n\t\t\t\t\t<div class=\"bts-box\">\t<a class=\"btn btn-primary\" href=\"https:\/\/biblioclub.ca\/2025\/enfants\/defis-de-la-semaine\/quiz-3\/\" target=\"\" title=\"Quiz 3 \u2013 Les insectes\"  >Sais-tu qui sont les insectes?<\/a>\n<\/div>\n\t\t\t\t<\/div>\n\t\t\t<\/div>\n\t\t<\/div>\n\t<\/div>\n<\/div>\n\n\n<div class=\"htb htb-texte-image    default-margin-top  default-margin-bottom  bg-color color-none  htb-uid-5  pic_right\" >\n\t<div class=\"container-xl\">\n\t\t<div class=\"row\">\n\t\t\t<div class=\"col-md-6 col-image order-md-2 \">\n\t\t\t\t\t\t\t<\/div>\n\t\t\t<div class=\"col-md-6 col-text order-1\">\n\t\t\t\t<div class=\"content-box\">\n\t\t\t\t\t\t\t\t\t\t<h2>Quiz #4<\/h2>\n<h6>L\u00e9gendes et cr\u00e9atures myst\u00e9rieuses de la for\u00eat qu\u00e9b\u00e9coise<\/h6>\n<p>Du loup-garou \u00e0 la chasse-galerie, connais-tu bien les histoires fabuleuses qui hantent nos for\u00eats ? Teste tes connaissances et d\u00e9couvre des mythes \u00e9tonnants !<\/p>\n\t\t\t\t\t<div class=\"bts-box\">\t<a class=\"btn btn-primary\" href=\"https:\/\/biblioclub.ca\/2025\/enfants\/defis-de-la-semaine\/quiz-1-legendes-et-creatures-mysterieuses-de-la-foret-quebecoise\/\" target=\"\" title=\"\"  >Connais-tu bien les l\u00e9gendes du Qu\u00e9bec?<\/a>\n<\/div>\n\t\t\t\t<\/div>\n\t\t\t<\/div>\n\t\t<\/div>\n\t<\/div>\n<\/div>\n\n\n<div class=\"htb htb-texte-image    default-margin-top  default-margin-bottom  bg-color color-yellow  htb-uid-6  pic_left\" >\n\t<div class=\"container-xl\">\n\t\t<div class=\"row\">\n\t\t\t<div class=\"col-md-6 col-image \">\n\t\t\t\t\t\t\t\t\t<div class=\"img-box\">\n\t\t\t\t\t\t<img decoding=\"async\" src=\"https:\/\/biblioclub.ca\/2025\/wp-content\/uploads\/sites\/4\/2025\/03\/spot2-abpq-final-2025-1500px.png\" alt=\"\" class=\"img-fluid\">\n\t\t\t\t\t<\/div>\n\t\t\t\t\t\t\t<\/div>\n\t\t\t<div class=\"col-md-6 col-text \">\n\t\t\t\t<div class=\"content-box\">\n\t\t\t\t\t\t\t\t\t\t<h2>Quiz #5<\/h2>\n<h6>Les animaux des for\u00eats du Qu\u00e9bec<\/h6>\n<p>Qui nage, qui saute, qui chasse dans l&#8217;ombre? Teste tes connaissances sur les animaux qui peuplent les for\u00eats qu\u00e9b\u00e9coises!<\/p>\n<p>&nbsp;<\/p>\n\t\t\t\t\t<div class=\"bts-box\">\t<a class=\"btn btn-primary\" href=\"https:\/\/biblioclub.ca\/2025\/enfants\/defis-de-la-semaine\/quiz-5-les-animaux-des-forets-du-quebec\/\" target=\"\" title=\"Quiz 5 \u2013 Les animaux des for\u00eats du Qu\u00e9bec\"  >Connais-tu bien les animaux des for\u00eats?<\/a>\n<\/div>\n\t\t\t\t<\/div>\n\t\t\t<\/div>\n\t\t<\/div>\n\t<\/div>\n<\/div>","protected":false},"excerpt":{"rendered":"","protected":false},"author":1,"featured_media":0,"parent":1651,"menu_order":0,"comment_status":"closed","ping_status":"closed","template":"","meta":{"_acf_changed":false,"footnotes":""},"class_list":["post-1646","page","type-page","status-publish","hentry"],"acf":[],"yoast_head":"<!-- This site is optimized with the Yoast SEO plugin v24.9 - https:\/\/yoast.com\/wordpress\/plugins\/seo\/ -->\n<title>Quiz - Archive Biblioclub 2025<\/title>\n<meta name=\"description\" content=\"Viens explorer la for\u00eat du Qu\u00e9bec en r\u00e9pondant \u00e0 plein de questions amusantes ! Gr\u00e2ce aux quiz rigolos du BiblioCLUB, tu vas apprendre \u00e0 reconna\u00eetre les arbres, les insectes, les oiseaux et plein d\u2019autres surprises de la nature.\" \/>\n<meta name=\"robots\" content=\"index, follow, max-snippet:-1, max-image-preview:large, max-video-preview:-1\" \/>\n<link rel=\"canonical\" href=\"https:\/\/biblioclub.ca\/2025\/enfants\/quiz\/\" \/>\n<meta property=\"og:locale\" content=\"fr_FR\" \/>\n<meta property=\"og:type\" content=\"article\" \/>\n<meta property=\"og:title\" content=\"Quiz - Archive Biblioclub 2025\" \/>\n<meta property=\"og:description\" content=\"Viens explorer la for\u00eat du Qu\u00e9bec en r\u00e9pondant \u00e0 plein de questions amusantes ! Gr\u00e2ce aux quiz rigolos du BiblioCLUB, tu vas apprendre \u00e0 reconna\u00eetre les arbres, les insectes, les oiseaux et plein d\u2019autres surprises de la nature.\" \/>\n<meta property=\"og:url\" content=\"https:\/\/biblioclub.ca\/2025\/enfants\/quiz\/\" \/>\n<meta property=\"og:site_name\" content=\"Archive Biblioclub 2025\" \/>\n<meta property=\"article:modified_time\" content=\"2025-08-18T15:16:59+00:00\" \/>\n<meta name=\"twitter:card\" content=\"summary_large_image\" \/>\n<script type=\"application\/ld+json\" class=\"yoast-schema-graph\">{\"@context\":\"https:\/\/schema.org\",\"@graph\":[{\"@type\":\"WebPage\",\"@id\":\"https:\/\/biblioclub.ca\/2025\/enfants\/quiz\/\",\"url\":\"https:\/\/biblioclub.ca\/2025\/enfants\/quiz\/\",\"name\":\"Quiz - Archive Biblioclub 2025\",\"isPartOf\":{\"@id\":\"https:\/\/biblioclub.ca\/2025\/#website\"},\"datePublished\":\"2025-04-03T02:15:16+00:00\",\"dateModified\":\"2025-08-18T15:16:59+00:00\",\"description\":\"Viens explorer la for\u00eat du Qu\u00e9bec en r\u00e9pondant \u00e0 plein de questions amusantes ! Gr\u00e2ce aux quiz rigolos du BiblioCLUB, tu vas apprendre \u00e0 reconna\u00eetre les arbres, les insectes, les oiseaux et plein d\u2019autres surprises de la nature.\",\"breadcrumb\":{\"@id\":\"https:\/\/biblioclub.ca\/2025\/enfants\/quiz\/#breadcrumb\"},\"inLanguage\":\"fr-FR\",\"potentialAction\":[{\"@type\":\"ReadAction\",\"target\":[\"https:\/\/biblioclub.ca\/2025\/enfants\/quiz\/\"]}]},{\"@type\":\"BreadcrumbList\",\"@id\":\"https:\/\/biblioclub.ca\/2025\/enfants\/quiz\/#breadcrumb\",\"itemListElement\":[{\"@type\":\"ListItem\",\"position\":1,\"name\":\"Accueil\",\"item\":\"https:\/\/biblioclub.ca\/2025\/\"},{\"@type\":\"ListItem\",\"position\":2,\"name\":\"D\u00e9fis de la semaine\",\"item\":\"https:\/\/biblioclub.ca\/2025\/enfants\/\"},{\"@type\":\"ListItem\",\"position\":3,\"name\":\"Quiz\"}]},{\"@type\":\"WebSite\",\"@id\":\"https:\/\/biblioclub.ca\/2025\/#website\",\"url\":\"https:\/\/biblioclub.ca\/2025\/\",\"name\":\"Archive Biblioclub 2025\",\"description\":\"Club de lecture d&#039;\u00e9t\u00e9 qu\u00e9b\u00e9cois permettant aux jeunes de 3 \u00e0 12 ans d\u2019apprendre et de d\u00e9velopper le go\u00fbt de la lecture\",\"potentialAction\":[{\"@type\":\"SearchAction\",\"target\":{\"@type\":\"EntryPoint\",\"urlTemplate\":\"https:\/\/biblioclub.ca\/2025\/?s={search_term_string}\"},\"query-input\":{\"@type\":\"PropertyValueSpecification\",\"valueRequired\":true,\"valueName\":\"search_term_string\"}}],\"inLanguage\":\"fr-FR\"}]}<\/script>\n<!-- \/ Yoast SEO plugin. -->","yoast_head_json":{"title":"Quiz - Archive Biblioclub 2025","description":"Viens explorer la for\u00eat du Qu\u00e9bec en r\u00e9pondant \u00e0 plein de questions amusantes ! Gr\u00e2ce aux quiz rigolos du BiblioCLUB, tu vas apprendre \u00e0 reconna\u00eetre les arbres, les insectes, les oiseaux et plein d\u2019autres surprises de la nature.","robots":{"index":"index","follow":"follow","max-snippet":"max-snippet:-1","max-image-preview":"max-image-preview:large","max-video-preview":"max-video-preview:-1"},"canonical":"https:\/\/biblioclub.ca\/2025\/enfants\/quiz\/","og_locale":"fr_FR","og_type":"article","og_title":"Quiz - Archive Biblioclub 2025","og_description":"Viens explorer la for\u00eat du Qu\u00e9bec en r\u00e9pondant \u00e0 plein de questions amusantes ! Gr\u00e2ce aux quiz rigolos du BiblioCLUB, tu vas apprendre \u00e0 reconna\u00eetre les arbres, les insectes, les oiseaux et plein d\u2019autres surprises de la nature.","og_url":"https:\/\/biblioclub.ca\/2025\/enfants\/quiz\/","og_site_name":"Archive Biblioclub 2025","article_modified_time":"2025-08-18T15:16:59+00:00","twitter_card":"summary_large_image","schema":{"@context":"https:\/\/schema.org","@graph":[{"@type":"WebPage","@id":"https:\/\/biblioclub.ca\/2025\/enfants\/quiz\/","url":"https:\/\/biblioclub.ca\/2025\/enfants\/quiz\/","name":"Quiz - Archive Biblioclub 2025","isPartOf":{"@id":"https:\/\/biblioclub.ca\/2025\/#website"},"datePublished":"2025-04-03T02:15:16+00:00","dateModified":"2025-08-18T15:16:59+00:00","description":"Viens explorer la for\u00eat du Qu\u00e9bec en r\u00e9pondant \u00e0 plein de questions amusantes ! Gr\u00e2ce aux quiz rigolos du BiblioCLUB, tu vas apprendre \u00e0 reconna\u00eetre les arbres, les insectes, les oiseaux et plein d\u2019autres surprises de la nature.","breadcrumb":{"@id":"https:\/\/biblioclub.ca\/2025\/enfants\/quiz\/#breadcrumb"},"inLanguage":"fr-FR","potentialAction":[{"@type":"ReadAction","target":["https:\/\/biblioclub.ca\/2025\/enfants\/quiz\/"]}]},{"@type":"BreadcrumbList","@id":"https:\/\/biblioclub.ca\/2025\/enfants\/quiz\/#breadcrumb","itemListElement":[{"@type":"ListItem","position":1,"name":"Accueil","item":"https:\/\/biblioclub.ca\/2025\/"},{"@type":"ListItem","position":2,"name":"D\u00e9fis de la semaine","item":"https:\/\/biblioclub.ca\/2025\/enfants\/"},{"@type":"ListItem","position":3,"name":"Quiz"}]},{"@type":"WebSite","@id":"https:\/\/biblioclub.ca\/2025\/#website","url":"https:\/\/biblioclub.ca\/2025\/","name":"Archive Biblioclub 2025","description":"Club de lecture d&#039;\u00e9t\u00e9 qu\u00e9b\u00e9cois permettant aux jeunes de 3 \u00e0 12 ans d\u2019apprendre et de d\u00e9velopper le go\u00fbt de la lecture","potentialAction":[{"@type":"SearchAction","target":{"@type":"EntryPoint","urlTemplate":"https:\/\/biblioclub.ca\/2025\/?s={search_term_string}"},"query-input":{"@type":"PropertyValueSpecification","valueRequired":true,"valueName":"search_term_string"}}],"inLanguage":"fr-FR"}]}},"_links":{"self":[{"href":"https:\/\/biblioclub.ca\/2025\/wp-json\/wp\/v2\/pages\/1646","targetHints":{"allow":["GET"]}}],"collection":[{"href":"https:\/\/biblioclub.ca\/2025\/wp-json\/wp\/v2\/pages"}],"about":[{"href":"https:\/\/biblioclub.ca\/2025\/wp-json\/wp\/v2\/types\/page"}],"author":[{"embeddable":true,"href":"https:\/\/biblioclub.ca\/2025\/wp-json\/wp\/v2\/users\/1"}],"replies":[{"embeddable":true,"href":"https:\/\/biblioclub.ca\/2025\/wp-json\/wp\/v2\/comments?post=1646"}],"version-history":[{"count":36,"href":"https:\/\/biblioclub.ca\/2025\/wp-json\/wp\/v2\/pages\/1646\/revisions"}],"predecessor-version":[{"id":3176,"href":"https:\/\/biblioclub.ca\/2025\/wp-json\/wp\/v2\/pages\/1646\/revisions\/3176"}],"up":[{"embeddable":true,"href":"https:\/\/biblioclub.ca\/2025\/wp-json\/wp\/v2\/pages\/1651"}],"wp:attachment":[{"href":"https:\/\/biblioclub.ca\/2025\/wp-json\/wp\/v2\/media?parent=1646"}],"curies":[{"name":"wp","href":"https:\/\/api.w.org\/{rel}","templated":true}]}}