{"id":1539,"date":"2025-03-29T20:47:23","date_gmt":"2025-03-30T00:47:23","guid":{"rendered":"https:\/\/abpq-club-lecture-1.jolistage.com\/?page_id=1539"},"modified":"2025-04-24T08:35:54","modified_gmt":"2025-04-24T12:35:54","slug":"espace-bibliotheque","status":"publish","type":"page","link":"https:\/\/biblioclub.ca\/2025\/bibliotheque\/espace-bibliotheque\/","title":{"rendered":"Espace biblioth\u00e8que"},"content":{"rendered":"<div class=\"htb htb-texte-image-accueil    default-margin-top  default-margin-bottom  htb-uid-1  pic_right\" >\n    <div class=\"container-xl\">\n        <div class=\"row\">\n            <div class=\"col-md-6 col-image order-md-2 \">\n                                    <div class=\"img-box\">\n                        <img decoding=\"async\" src=\"https:\/\/biblioclub.ca\/2025\/wp-content\/uploads\/sites\/4\/2025\/03\/spot7-abpq-final-2025-1500px-1.png\" alt=\"\" class=\"img-fluid\">\n                    <\/div>\n                            <\/div>\n            <div class=\"col-md-6 col-text order-1\">\n                <div class=\"content-box\">\n                                        <h1>Espace biblioth\u00e8que<\/h1>\n<p>Pour les biblioth\u00e8ques participantes, connectez-vous afin d&#8217;avoir acc\u00e8s \u00e0 votre tableau de bord.<\/p>\n                    <div class=\"bts-box\">\t<a class=\"btn btn-primary\" href=\"https:\/\/biblioclub.ca\/2025\/connexion\/\" target=\"\" title=\"\"  >Connexion des biblioth\u00e8ques<\/a>\n<\/div>\n                <\/div>\n            <\/div>\n        <\/div>\n    <\/div>\n<\/div>\n\n<div class='htb htb-bootsrap-container bg-color color-purple'><div class=\"wp-bootstrap-blocks-container container mb-0\">\n\t\n\n<h2 class=\"wp-block-heading has-large-font-size\"><strong>Foire aux questions pour les biblioth\u00e9caires<\/strong><\/h2>\n\n\n<div class=\"wp-bootstrap-blocks-row row\">\n\t\n\n<div class=\"col-12 col-md-8\">\n\t\t\t\n\n<div style=\"height:31px\" aria-hidden=\"true\" class=\"wp-block-spacer\"><\/div>\n\n\n\n<h5 class=\"wp-block-heading has-text-color has-link-color wp-elements-4f0170c23df965052736c3e5dcd2b487\" style=\"color:#ffe28b\"><strong>INSCRIPTION AU BIBLIOCLUB<\/strong><\/h5>\n\n\n\n<div style=\"height:29px\" aria-hidden=\"true\" class=\"wp-block-spacer\"><\/div>\n\n\n\n<p><strong><strong>Est-ce qu\u2019il y a des co\u00fbts associ\u00e9s au BiblioCLUB?<\/strong><\/strong><\/p>\n\n\n\n<p class=\"has-medium-font-size\">L&#8217;inscription au BiblioCLUB 2025 est compl\u00e8tement gratuite.<\/p>\n\n\n\n<hr class=\"wp-block-separator has-alpha-channel-opacity\"\/>\n\n\n\n<p><strong>Comment s\u2019inscrivent les enfants?<\/strong><\/p>\n\n\n\n<p class=\"has-medium-font-size\">Les enfants s\u2019inscrivent directement aupr\u00e8s de la biblioth\u00e8que participante la plus proche de chez eux. Chaque enfant re\u00e7oit un livret d\u2019aventure.<\/p>\n\n\n\n<p class=\"has-medium-font-size\">Le personnel peut \u00e9galement pr\u00e9senter aux enfants le programme d\u2019activit\u00e9s du BiblioCLUB pr\u00e9vu cet \u00e9t\u00e9 au sein de la biblioth\u00e8que participante.<\/p>\n\n\n\n<hr class=\"wp-block-separator has-alpha-channel-opacity\"\/>\n\n\n\n<div style=\"height:29px\" aria-hidden=\"true\" class=\"wp-block-spacer\"><\/div>\n\n\n\n<h5 class=\"wp-block-heading has-text-color has-link-color wp-elements-092945899d04606dc93a8ef998882c1a\" style=\"color:#ffe28b\">MAT\u00c9RIEL POUR LE BIBLIOCLUB<\/h5>\n\n\n\n<div style=\"height:29px\" aria-hidden=\"true\" class=\"wp-block-spacer\"><\/div>\n\n\n\n<p><strong><strong>Est-ce que le mat\u00e9riel li\u00e9 au BiblioCLUB (carnet pour les enfants, affiches, etc.) doit \u00eatre command\u00e9 aupr\u00e8s de l\u2019ABPQ?<\/strong><\/strong><\/p>\n\n\n\n<p class=\"has-medium-font-size\">Le BiblioCLUB propose des contenus pens\u00e9s en termes de d\u00e9veloppement durable et de transition \u00e9cologique. Il s\u2019engage \u00e0 tendre vers la carboneutralit\u00e9 en proposant des solutions locales et en \u00e9vitant le gaspillage. De ce fait, <strong>tout le mat\u00e9riel du BiblioCLUB pourra \u00eatre imprim\u00e9 directement dans les biblioth\u00e8ques<\/strong>. Les biblioth\u00e8ques pourront l\u2019adapter \u00e0 leurs besoins avant de proc\u00e9der \u00e0 l\u2019impression pour \u00e9viter de devoir jeter du mat\u00e9riel inadapt\u00e9. En cons\u00e9quence, il n&#8217;y aura pas de commandes de mat\u00e9riel.<\/p>\n\n\n\n<hr class=\"wp-block-separator has-alpha-channel-opacity\"\/>\n\n\n\n<p><strong>Est-ce qu\u2019il existe des carnets distincts selon l\u2019\u00e2ge des enfants?<\/strong><\/p>\n\n\n\n<p class=\"has-medium-font-size\">Non, les enfants sont invit\u00e9s \u00e0 compiler leur progression en temps de lecture, en d\u00e9fis compl\u00e9t\u00e9s et en quiz r\u00e9pondus dans le livret sous la forme d&#8217;un parcours amusant pour les enfants de 6 \u00e0 12 ans. Ce livret peut aussi \u00eatre utilis\u00e9 par les parents d\u2019enfants plus jeunes s&#8217;ils le souhaitent avec une partie coloriage et un signet de lecture. Le livret a \u00e9t\u00e9 pens\u00e9 en termes de d\u00e9veloppement durable, donc assez court, pour \u00e9viter le gaspillage de papier.<\/p>\n\n\n\n<hr class=\"wp-block-separator has-alpha-channel-opacity\"\/>\n\n\n\n<p><strong>Est-ce qu\u2019il existe un mat\u00e9riel sp\u00e9cifique pour les parents?<\/strong><\/p>\n\n\n\n<p class=\"has-medium-font-size\">Oui, les parents ont leur propre d\u00e9pliant explicatif du club de lecture avec des astuces pour lire en famille, une petite liste de suggestions de lecture foresti\u00e8re et des ressources.<\/p>\n\n\n\n<hr class=\"wp-block-separator has-alpha-channel-opacity\"\/>\n\n\n\n<p><strong>Est-ce que le BiblioCLUB propose des activit\u00e9s autonomes pour les enfants?<\/strong><\/p>\n\n\n\n<p class=\"has-medium-font-size\">Oui! Vous pouvez retrouver des fiches d&#8217;activit\u00e9s autonomes (coloriages, mots crois\u00e9s, devinettes, mots cach\u00e9s, jeu des 7 erreurs, etc.) disponibles individuellement pour celles et ceux qui souhaitent les imprimer.<\/p>\n\n\n\n<hr class=\"wp-block-separator has-alpha-channel-opacity\"\/>\n\n\n\n<p><strong>\u00c0 quel endroit trouver le mat\u00e9riel pour les familles?<\/strong><\/p>\n\n\n\n<p class=\"has-medium-font-size\">Retrouvez le mat\u00e9riel pour les familles (livret d\u2019aventure pour les enfants, d\u00e9pliant pour les parents, autocollants pour les suggestions de livres si vous le souhaitez) dans la trousse d\u2019organisation du BiblioCLUB.<\/p>\n\n\n\n<hr class=\"wp-block-separator has-alpha-channel-opacity\"\/>\n\n\n\n<div style=\"height:29px\" aria-hidden=\"true\" class=\"wp-block-spacer\"><\/div>\n\n\n\n<h5 class=\"wp-block-heading has-text-color has-link-color wp-elements-2afe5f040f7d68fa6141d0c2f8b31ac7\" style=\"color:#ffe28b\">COMMUNICATION<\/h5>\n\n\n\n<div style=\"height:29px\" aria-hidden=\"true\" class=\"wp-block-spacer\"><\/div>\n\n\n\n<p><strong>Est-ce qu\u2019il est possible d\u2019utiliser les visuels du BiblioCLUB pour nos propres communications?<\/strong><\/p>\n\n\n\n<p class=\"has-medium-font-size\">Tout \u00e0 fait! La trousse de communication est l\u00e0 pour que vous puissiez utiliser tout ce dont vous avez besoin pour vos communications. Vous pouvez donc inclure tout ce qui concerne le BiblioCLUB (nom, th\u00e8me, logos, activit\u00e9s, etc.) Vous pouvez aussi reprendre des \u00e9l\u00e9ments de la trousse d\u2019organisation si vous le souhaitez.<\/p>\n\n\n\n<hr class=\"wp-block-separator has-alpha-channel-opacity\"\/>\n\n\n\n<p><strong>\u00c0 quel endroit trouver le mat\u00e9riel de communication du BiblioCLUB?<\/strong><\/p>\n\n\n\n<p class=\"has-medium-font-size\">Le mat\u00e9riel promotionnel (affiche, visuels, textes, etc.)\u00a0est disponible dans la trousse de communication du BiblioCLUB.<\/p>\n\n\n\n<hr class=\"wp-block-separator has-alpha-channel-opacity\"\/>\n\n\n\n<div style=\"height:29px\" aria-hidden=\"true\" class=\"wp-block-spacer\"><\/div>\n\n\n\n<h5 class=\"wp-block-heading has-text-color has-link-color wp-elements-f3d86d7a3418eb95a378c3c794bcac8d\" style=\"color:#ffe28b\">COMPTABILISATION DU TEMPS DE LECTURE<\/h5>\n\n\n\n<div style=\"height:29px\" aria-hidden=\"true\" class=\"wp-block-spacer\"><\/div>\n\n\n\n<p><strong>Comment les enfants enregistrent-ils leurs minutes de lecture ?<\/strong><\/p>\n\n\n\n<p class=\"has-medium-font-size\">Le suivi des minutes de lecture se fait via des chronom\u00e8tres. Il y en a quelques-uns dans le livret des lecteurs et lectrices ainsi que dans le compte utilisateur de l\u2019enfant sur le site web du BiblioCLUB. Les familles et les biblioth\u00e8ques pourront utiliser la technique de suivi qu&#8217;elles pr\u00e9f\u00e8rent : que ce soit avec le livret, le site web ou les deux.<\/p>\n\n\n\n<hr class=\"wp-block-separator has-alpha-channel-opacity\"\/>\n\n\n\n<div style=\"height:29px\" aria-hidden=\"true\" class=\"wp-block-spacer\"><\/div>\n\n\n\n<h5 class=\"wp-block-heading has-text-color has-link-color wp-elements-ec8d413d71abf61329a8d8226ccb2a13\" style=\"color:#ffe28b\">D\u00c9FIS<\/h5>\n\n\n\n<div style=\"height:29px\" aria-hidden=\"true\" class=\"wp-block-spacer\"><\/div>\n\n\n\n<p><strong>Est-il possible pour les biblioth\u00e8ques de v\u00e9rifier si le d\u00e9fi de la semaine a \u00e9t\u00e9 relev\u00e9 par l\u2019enfant ?<\/strong><\/p>\n\n\n\n<p class=\"has-medium-font-size\">Pour les enfants ayant un compte utilisateur, il leur sera possible d&#8217;indiquer si oui ou non, ils ou elles ont compl\u00e9t\u00e9 le d\u00e9fi. M\u00eame chose pour les enfants qui utilisent le livret, elles ou ils pourront indiquer quels d\u00e9fis ont \u00e9t\u00e9 compl\u00e9t\u00e9s. Pour cet aspect, on souhaite seulement encourager les enfants \u00e0 participer sans rendre cela obligatoire. L&#8217;important avec le BiblioCLUB est vraiment de s&#8217;amuser et de participer!<\/p>\n\n\n\n<hr class=\"wp-block-separator has-alpha-channel-opacity\"\/>\n\n\n\n<div style=\"height:29px\" aria-hidden=\"true\" class=\"wp-block-spacer\"><\/div>\n\n\n\n<h5 class=\"wp-block-heading has-text-color has-link-color wp-elements-5fcbeeb2bd87b010ba0a49a6c133f8ca\" style=\"color:#ffe28b\">PUBLIC DU BIBLIOCLUB<\/h5>\n\n\n\n<div style=\"height:29px\" aria-hidden=\"true\" class=\"wp-block-spacer\"><\/div>\n\n\n\n<p><strong>Est-ce qu\u2019il y aura un jour un volet ado au BiblioCLUB?<\/strong><\/p>\n\n\n\n<p class=\"has-medium-font-size\">Oui, nous pr\u00e9voyons d\u00e9velopper l&#8217;offre pour les ados d\u00e8s 2026, avec une identit\u00e9 visuelle plus sp\u00e9cifique aux ados, ainsi que des activit\u00e9s et des suggestions de livres qui leur seront particuli\u00e8rement d\u00e9di\u00e9s!<\/p>\n\n\n\n<hr class=\"wp-block-separator has-alpha-channel-opacity\"\/>\n\n\n\n<div style=\"height:29px\" aria-hidden=\"true\" class=\"wp-block-spacer\"><\/div>\n\n\n\n<h5 class=\"wp-block-heading has-text-color has-link-color wp-elements-39cf7b5fb2b7afe0944b9a3932eb1eba\" style=\"color:#ffe28b\">R\u00c9SEAU BIBLIO<\/h5>\n\n\n\n<div style=\"height:29px\" aria-hidden=\"true\" class=\"wp-block-spacer\"><\/div>\n\n\n\n<p><strong>Est-ce que les biblioth\u00e8ques affili\u00e9es \u00e0 un R\u00e9seau BIBLIO pourront participer au club de lecture?<\/strong><\/p>\n\n\n\n<p class=\"has-medium-font-size\">Oui, absolument : les biblioth\u00e8ques affili\u00e9es \u00e0 un R\u00e9seau BIBLIO sont les bienvenues \u00e0 s&#8217;inscrire gratuitement et \u00e0 participer au BiblioCLUB \u00e0 l&#8217;\u00e9t\u00e9 2025!<\/p>\n\n\n\n<hr class=\"wp-block-separator has-alpha-channel-opacity\"\/>\n\n\n\n<p><strong>Est-ce que l\u2019ABPQ s\u2019occupera de l\u2019envoi des informations li\u00e9es au BiblioCLUB?<\/strong><\/p>\n\n\n\n<p class=\"has-medium-font-size\">L\u2019ABPQ transmettra les informations relatives au BiblioCLUB aux R\u00e9seaux, qui pourront par la suite les transmettre \u00e0 leurs biblioth\u00e8ques affili\u00e9es.<\/p>\n\n\n\n\n\n\n\n<hr class=\"wp-block-separator has-alpha-channel-opacity\"\/>\n\n\n\n<h5 class=\"wp-block-heading has-text-color has-link-color wp-elements-f3c809c2005b32ce97a923bbb9873df1\" style=\"color:#ffe28b\">DES QUESTIONS?<\/h5>\n\n\n\n<div style=\"height:29px\" aria-hidden=\"true\" class=\"wp-block-spacer\"><\/div>\n\n\n\n<p class=\"has-medium-font-size\">\u00c9crivez-nous \u00e0 <a href=\"mailto:biblioclub@abpq.ca\">biblioclub@abpq.ca<\/a>!<\/p>\n\n\t<\/div>\n\n\n\n<div class=\"col-12 col-md-4\">\n\t\t\t\t<\/div>\n\n<\/div>\n\n<\/div>\n<\/div>","protected":false},"excerpt":{"rendered":"","protected":false},"author":1,"featured_media":0,"parent":1529,"menu_order":0,"comment_status":"closed","ping_status":"closed","template":"","meta":{"_acf_changed":false,"footnotes":""},"class_list":["post-1539","page","type-page","status-publish","hentry"],"acf":[],"yoast_head":"<!-- This site is optimized with the Yoast SEO plugin v24.9 - https:\/\/yoast.com\/wordpress\/plugins\/seo\/ -->\n<title>Espace biblioth\u00e8que - Archive Biblioclub 2025<\/title>\n<meta name=\"description\" content=\"Pour les biblioth\u00e8ques participantes, connectez-vous afin d\u2019avoir acc\u00e8s \u00e0 votre tableau de bord.\" \/>\n<meta name=\"robots\" content=\"index, follow, max-snippet:-1, max-image-preview:large, max-video-preview:-1\" \/>\n<link rel=\"canonical\" href=\"https:\/\/biblioclub.ca\/2025\/bibliotheque\/espace-bibliotheque\/\" \/>\n<meta property=\"og:locale\" content=\"fr_FR\" \/>\n<meta property=\"og:type\" content=\"article\" \/>\n<meta property=\"og:title\" content=\"Espace biblioth\u00e8que - Archive Biblioclub 2025\" \/>\n<meta property=\"og:description\" content=\"Pour les biblioth\u00e8ques participantes, connectez-vous afin d\u2019avoir acc\u00e8s \u00e0 votre tableau de bord.\" \/>\n<meta property=\"og:url\" content=\"https:\/\/biblioclub.ca\/2025\/bibliotheque\/espace-bibliotheque\/\" \/>\n<meta property=\"og:site_name\" content=\"Archive Biblioclub 2025\" \/>\n<meta property=\"article:modified_time\" content=\"2025-04-24T12:35:54+00:00\" \/>\n<meta name=\"twitter:card\" content=\"summary_large_image\" \/>\n<meta name=\"twitter:label1\" content=\"Dur\u00e9e de lecture estim\u00e9e\" \/>\n\t<meta name=\"twitter:data1\" content=\"4 minutes\" \/>\n<script type=\"application\/ld+json\" class=\"yoast-schema-graph\">{\"@context\":\"https:\/\/schema.org\",\"@graph\":[{\"@type\":\"WebPage\",\"@id\":\"https:\/\/biblioclub.ca\/2025\/bibliotheque\/espace-bibliotheque\/\",\"url\":\"https:\/\/biblioclub.ca\/2025\/bibliotheque\/espace-bibliotheque\/\",\"name\":\"Espace biblioth\u00e8que - Archive Biblioclub 2025\",\"isPartOf\":{\"@id\":\"https:\/\/biblioclub.ca\/2025\/#website\"},\"datePublished\":\"2025-03-30T00:47:23+00:00\",\"dateModified\":\"2025-04-24T12:35:54+00:00\",\"description\":\"Pour les biblioth\u00e8ques participantes, connectez-vous afin d\u2019avoir acc\u00e8s \u00e0 votre tableau de bord.\",\"breadcrumb\":{\"@id\":\"https:\/\/biblioclub.ca\/2025\/bibliotheque\/espace-bibliotheque\/#breadcrumb\"},\"inLanguage\":\"fr-FR\",\"potentialAction\":[{\"@type\":\"ReadAction\",\"target\":[\"https:\/\/biblioclub.ca\/2025\/bibliotheque\/espace-bibliotheque\/\"]}]},{\"@type\":\"BreadcrumbList\",\"@id\":\"https:\/\/biblioclub.ca\/2025\/bibliotheque\/espace-bibliotheque\/#breadcrumb\",\"itemListElement\":[{\"@type\":\"ListItem\",\"position\":1,\"name\":\"Accueil\",\"item\":\"https:\/\/biblioclub.ca\/2025\/\"},{\"@type\":\"ListItem\",\"position\":2,\"name\":\"Biblioth\u00e8ques participantes\",\"item\":\"https:\/\/biblioclub.ca\/2025\/bibliotheque\/\"},{\"@type\":\"ListItem\",\"position\":3,\"name\":\"Espace biblioth\u00e8que\"}]},{\"@type\":\"WebSite\",\"@id\":\"https:\/\/biblioclub.ca\/2025\/#website\",\"url\":\"https:\/\/biblioclub.ca\/2025\/\",\"name\":\"Archive Biblioclub 2025\",\"description\":\"Club de lecture d&#039;\u00e9t\u00e9 qu\u00e9b\u00e9cois permettant aux jeunes de 3 \u00e0 12 ans d\u2019apprendre et de d\u00e9velopper le go\u00fbt de la lecture\",\"potentialAction\":[{\"@type\":\"SearchAction\",\"target\":{\"@type\":\"EntryPoint\",\"urlTemplate\":\"https:\/\/biblioclub.ca\/2025\/?s={search_term_string}\"},\"query-input\":{\"@type\":\"PropertyValueSpecification\",\"valueRequired\":true,\"valueName\":\"search_term_string\"}}],\"inLanguage\":\"fr-FR\"}]}<\/script>\n<!-- \/ Yoast SEO plugin. -->","yoast_head_json":{"title":"Espace biblioth\u00e8que - Archive Biblioclub 2025","description":"Pour les biblioth\u00e8ques participantes, connectez-vous afin d\u2019avoir acc\u00e8s \u00e0 votre tableau de bord.","robots":{"index":"index","follow":"follow","max-snippet":"max-snippet:-1","max-image-preview":"max-image-preview:large","max-video-preview":"max-video-preview:-1"},"canonical":"https:\/\/biblioclub.ca\/2025\/bibliotheque\/espace-bibliotheque\/","og_locale":"fr_FR","og_type":"article","og_title":"Espace biblioth\u00e8que - Archive Biblioclub 2025","og_description":"Pour les biblioth\u00e8ques participantes, connectez-vous afin d\u2019avoir acc\u00e8s \u00e0 votre tableau de bord.","og_url":"https:\/\/biblioclub.ca\/2025\/bibliotheque\/espace-bibliotheque\/","og_site_name":"Archive Biblioclub 2025","article_modified_time":"2025-04-24T12:35:54+00:00","twitter_card":"summary_large_image","twitter_misc":{"Dur\u00e9e de lecture estim\u00e9e":"4 minutes"},"schema":{"@context":"https:\/\/schema.org","@graph":[{"@type":"WebPage","@id":"https:\/\/biblioclub.ca\/2025\/bibliotheque\/espace-bibliotheque\/","url":"https:\/\/biblioclub.ca\/2025\/bibliotheque\/espace-bibliotheque\/","name":"Espace biblioth\u00e8que - Archive Biblioclub 2025","isPartOf":{"@id":"https:\/\/biblioclub.ca\/2025\/#website"},"datePublished":"2025-03-30T00:47:23+00:00","dateModified":"2025-04-24T12:35:54+00:00","description":"Pour les biblioth\u00e8ques participantes, connectez-vous afin d\u2019avoir acc\u00e8s \u00e0 votre tableau de bord.","breadcrumb":{"@id":"https:\/\/biblioclub.ca\/2025\/bibliotheque\/espace-bibliotheque\/#breadcrumb"},"inLanguage":"fr-FR","potentialAction":[{"@type":"ReadAction","target":["https:\/\/biblioclub.ca\/2025\/bibliotheque\/espace-bibliotheque\/"]}]},{"@type":"BreadcrumbList","@id":"https:\/\/biblioclub.ca\/2025\/bibliotheque\/espace-bibliotheque\/#breadcrumb","itemListElement":[{"@type":"ListItem","position":1,"name":"Accueil","item":"https:\/\/biblioclub.ca\/2025\/"},{"@type":"ListItem","position":2,"name":"Biblioth\u00e8ques participantes","item":"https:\/\/biblioclub.ca\/2025\/bibliotheque\/"},{"@type":"ListItem","position":3,"name":"Espace biblioth\u00e8que"}]},{"@type":"WebSite","@id":"https:\/\/biblioclub.ca\/2025\/#website","url":"https:\/\/biblioclub.ca\/2025\/","name":"Archive Biblioclub 2025","description":"Club de lecture d&#039;\u00e9t\u00e9 qu\u00e9b\u00e9cois permettant aux jeunes de 3 \u00e0 12 ans d\u2019apprendre et de d\u00e9velopper le go\u00fbt de la lecture","potentialAction":[{"@type":"SearchAction","target":{"@type":"EntryPoint","urlTemplate":"https:\/\/biblioclub.ca\/2025\/?s={search_term_string}"},"query-input":{"@type":"PropertyValueSpecification","valueRequired":true,"valueName":"search_term_string"}}],"inLanguage":"fr-FR"}]}},"_links":{"self":[{"href":"https:\/\/biblioclub.ca\/2025\/wp-json\/wp\/v2\/pages\/1539","targetHints":{"allow":["GET"]}}],"collection":[{"href":"https:\/\/biblioclub.ca\/2025\/wp-json\/wp\/v2\/pages"}],"about":[{"href":"https:\/\/biblioclub.ca\/2025\/wp-json\/wp\/v2\/types\/page"}],"author":[{"embeddable":true,"href":"https:\/\/biblioclub.ca\/2025\/wp-json\/wp\/v2\/users\/1"}],"replies":[{"embeddable":true,"href":"https:\/\/biblioclub.ca\/2025\/wp-json\/wp\/v2\/comments?post=1539"}],"version-history":[{"count":14,"href":"https:\/\/biblioclub.ca\/2025\/wp-json\/wp\/v2\/pages\/1539\/revisions"}],"predecessor-version":[{"id":1961,"href":"https:\/\/biblioclub.ca\/2025\/wp-json\/wp\/v2\/pages\/1539\/revisions\/1961"}],"up":[{"embeddable":true,"href":"https:\/\/biblioclub.ca\/2025\/wp-json\/wp\/v2\/pages\/1529"}],"wp:attachment":[{"href":"https:\/\/biblioclub.ca\/2025\/wp-json\/wp\/v2\/media?parent=1539"}],"curies":[{"name":"wp","href":"https:\/\/api.w.org\/{rel}","templated":true}]}}