{"id":1529,"date":"2025-03-29T20:35:51","date_gmt":"2025-03-30T00:35:51","guid":{"rendered":"https:\/\/abpq-club-lecture-1.jolistage.com\/?page_id=1529"},"modified":"2025-07-03T22:01:37","modified_gmt":"2025-07-04T02:01:37","slug":"bibliotheque","status":"publish","type":"page","link":"https:\/\/biblioclub.ca\/2025\/bibliotheque\/","title":{"rendered":"Biblioth\u00e8ques participantes"},"content":{"rendered":"<div class=\"htb htb-texte-image-accueil    default-margin-top  default-margin-bottom  htb-uid-1  pic_right\" >\n    <div class=\"container-xl\">\n        <div class=\"row\">\n            <div class=\"col-md-6 col-image order-md-2 \">\n                                    <div class=\"img-box\">\n                        <img decoding=\"async\" src=\"https:\/\/biblioclub.ca\/2025\/wp-content\/uploads\/sites\/4\/2025\/03\/spot10-abpq-final-2025-1500-1px.png\" alt=\"\" class=\"img-fluid\">\n                    <\/div>\n                            <\/div>\n            <div class=\"col-md-6 col-text order-1\">\n                <div class=\"content-box\">\n                                        <h1>Biblioth\u00e8ques participantes<\/h1>\n<h6>Tu veux participer au BiblioCLUB cet \u00e9t\u00e9?<\/h6>\n<p>Regarde si ta biblioth\u00e8que offre le BiblioCLUB dans la liste ci-dessous.<\/p>\n<p>Pour t\u2019inscrire au BiblioCLUB, informe-toi aupr\u00e8s de ta biblioth\u00e8que pour ne rien manquer des activit\u00e9s et des suggestions de lecture!<\/p>\n                    <div class=\"bts-box\"><\/div>\n                <\/div>\n            <\/div>\n        <\/div>\n    <\/div>\n<\/div>\n\n<div class='htb htb-bootsrap-container bg-color color-yellow'><div class=\"wp-bootstrap-blocks-container container mb-0\">\n\t\n\n<h2 class=\"wp-block-heading has-large-font-size\">Biblioth\u00e8ques participantes par r\u00e9gion administrative&nbsp;<\/h2>\n\n\n\n<div style=\"height:35px\" aria-hidden=\"true\" class=\"wp-block-spacer\"><\/div>\n\n\n<div class=\"wp-bootstrap-blocks-row row\">\n\t\n\n<div class=\"col-12 col-md-6\">\n\t\t\t\n\n<p><strong>Abitibi-T\u00e9miscamingue\u202f <\/strong>&nbsp;<\/p>\n\n\n\n<ul class=\"wp-block-list has-medium-font-size\">\n<li><a href=\"https:\/\/cultureamos.ca\/lieux-culturels\/bibliotheque\">Amos<\/a><\/li>\n\n\n\n<li><a href=\"https:\/\/www.biblrn.qc.ca\/\" target=\"_blank\" rel=\"noreferrer noopener\">Rouyn-Noranda&nbsp;<\/a><\/li>\n\n\n\n<li><a href=\"https:\/\/biblio.ville.valdor.qc.ca\/\" target=\"_blank\" rel=\"noreferrer noopener\">Val-d\u2019Or<\/a>&nbsp;<\/li>\n<\/ul>\n\n\n\n<p><strong>Bas-Saint-Laurent\u202f<\/strong>&nbsp;<\/p>\n\n\n\n<ul class=\"wp-block-list has-medium-font-size\">\n<li><a href=\"https:\/\/www.ville.matane.qc.ca\/loisirs-culture-et-vie-communautaire\/bibliotheque\/\" target=\"_blank\" rel=\"noreferrer noopener\">Matane&nbsp;<\/a><\/li>\n\n\n\n<li><a href=\"https:\/\/biblio.rimouski.ca\/\" target=\"_blank\" rel=\"noreferrer noopener\">Rimouski&nbsp;<\/a><\/li>\n\n\n\n<li><a href=\"https:\/\/loisirs.villerdl.ca\/bibliotheque\/\" target=\"_blank\" rel=\"noreferrer noopener\">Rivi\u00e8re-du-Loup&nbsp;<\/a><\/li>\n<\/ul>\n\n\n\n<p><strong><strong>Capitale-Nationale<\/strong><\/strong><\/p>\n\n\n\n<ul class=\"wp-block-list\">\n<li><a href=\"https:\/\/deschambault-grondines.com\/fr\/repertoire\/3917\/bibliotheque-l-ardoise\">Deschambault-Grondines&nbsp;<\/a><\/li>\n<\/ul>\n\n\n\n<p><strong>Chaudi\u00e8re-Appalaches\u202f<\/strong>&nbsp;<\/p>\n\n\n\n<ul class=\"wp-block-list has-medium-font-size\">\n<li><a href=\"https:\/\/www.ville.levis.qc.ca\/culture\/bibliotheques\/\" target=\"_blank\" rel=\"noreferrer noopener\">L\u00e9vis<\/a>&nbsp;<\/li>\n\n\n\n<li><a href=\"https:\/\/www.reseaubibliocnca.qc.ca\/client\/fr_CA\/saint-henri\" target=\"_blank\" rel=\"noreferrer noopener\">Saint-Henri<\/a>&nbsp;<\/li>\n\n\n\n<li><a href=\"https:\/\/ville.saint-patrice-de-beaurivage.qc.ca\/bibliotheque-florence-guay\" target=\"_blank\" rel=\"noreferrer noopener\">Saint-Patrice-de-Beaurivage<\/a><\/li>\n<\/ul>\n\n\n\n<p><strong>Centre-du-Qu\u00e9bec<\/strong>&nbsp;<\/p>\n\n\n\n<ul class=\"wp-block-list has-medium-font-size\">\n<li><a href=\"https:\/\/www.drummondville.ca\/culture-loisirs-et-sports\/bibliotheque\/\" target=\"_blank\" rel=\"noreferrer noopener\">Drummondville&nbsp;<\/a><\/li>\n\n\n\n<li><a href=\"https:\/\/biblio.victoriaville.ca\/\">Victoriaville<\/a><\/li>\n<\/ul>\n\n\n\n<p><strong>C\u00f4te-Nord<\/strong>&nbsp;<\/p>\n\n\n\n<ul class=\"wp-block-list has-medium-font-size\">\n<li><a href=\"https:\/\/biblio.ville.baie-comeau.qc.ca\/\">Baie-Comeau<\/a><\/li>\n\n\n\n<li><a href=\"https:\/\/www.villedefermont.qc.ca\/sports-et-loisirs\/\" target=\"_blank\" rel=\"noreferrer noopener\">Fermont<\/a>&nbsp;<\/li>\n\n\n\n<li><a href=\"https:\/\/www.septiles.ca\/fr\/horaire-et-coordonnees_216\/\" target=\"_blank\" rel=\"noreferrer noopener\">Sept-\u00celes<\/a>&nbsp;&nbsp;&nbsp;<\/li>\n<\/ul>\n\n\n\n<p><strong>Estrie <\/strong>&nbsp;<\/p>\n\n\n\n<ul class=\"wp-block-list has-medium-font-size\">\n<li><a href=\"https:\/\/www.bibliothequecoaticook.ca\/\" target=\"_blank\" rel=\"noreferrer noopener\">Coaticook&nbsp;<\/a>&nbsp;<\/li>\n\n\n\n<li><a href=\"https:\/\/www.cowansville.ca\/loisirs-et-culture\/culture\/bibliotheque\" target=\"_blank\" rel=\"noreferrer noopener\">Cowansville<\/a><\/li>\n\n\n\n<li><a href=\"https:\/\/ville.farnham.qc.ca\/loisirs-et-culture\/bibliotheque\/\" target=\"_blank\" rel=\"noreferrer noopener\">Farnham<\/a>&nbsp;<\/li>\n\n\n\n<li><a href=\"https:\/\/www.ville.magog.qc.ca\/bibliotheque\/\" target=\"_blank\" rel=\"noreferrer noopener\">Magog&nbsp;<\/a><\/li>\n\n\n\n<li><a href=\"https:\/\/bibliotheques.sherbrooke.ca\/bibliotheque-eva-senecal\" target=\"_blank\" rel=\"noreferrer noopener\">Sherbrooke<\/a><\/li>\n<\/ul>\n\n\n\n<p><strong>Gasp\u00e9sie <\/strong>&nbsp;<\/p>\n\n\n\n<ul class=\"wp-block-list has-medium-font-size\">\n<li><a href=\"https:\/\/sadm-loisirs-culture-sports.ca\/activites\/bibliotheque-blanche-lamontagne\/\" target=\"_blank\" rel=\"noreferrer noopener\">Sainte-Anne-des-Monts&nbsp;<\/a><\/li>\n<\/ul>\n\n\n\n<p><strong>Lanaudi\u00e8re <\/strong>&nbsp;<\/p>\n\n\n\n<ul class=\"wp-block-list has-medium-font-size\">\n<li><a href=\"https:\/\/www.charlemagne.ca\/vie-citoyenne\/bibliotheque-et-culture\/bibliotheque\" target=\"_blank\" rel=\"noreferrer noopener\">Charlemagne<\/a>&nbsp;<\/li>\n\n\n\n<li><a href=\"https:\/\/www.notredamedesprairies.com\/culture\/bibliotheque\/\" target=\"_blank\" rel=\"noreferrer noopener\">Notre-Dame-des-Prairies<\/a>&nbsp;<\/li>\n\n\n\n<li><a href=\"https:\/\/repentigny.ca\/culture-loisirs\/culture\/bibliotheques\" target=\"_blank\" rel=\"noreferrer noopener\">Repentigny<\/a><\/li>\n\n\n\n<li><a href=\"https:\/\/www.saint-lin-laurentides.com\/divertir\/culture-et-communaute\/bibliotheque\" target=\"_blank\" rel=\"noreferrer noopener\">Saint-Lin-Laurentides<\/a><\/li>\n<\/ul>\n\n\n\n<p><strong>Laurentides <\/strong>&nbsp;<\/p>\n\n\n\n<ul class=\"wp-block-list has-medium-font-size\">\n<li><a href=\"https:\/\/blainville.ca\/activites\/installations-recreatives\/bibliotheque-paul-mercier\" target=\"_blank\" rel=\"noreferrer noopener\">Blainville&nbsp;<\/a><\/li>\n\n\n\n<li><a href=\"https:\/\/www.ville.deux-montagnes.qc.ca\/sports-et-loisirs\/bibliotheque\" target=\"_blank\" rel=\"noreferrer noopener\">Deux-Montagnes<\/a>&nbsp;<\/li>\n\n\n\n<li><a href=\"https:\/\/www.villemontlaurier.qc.ca\/loisirs-et-culture\/bibliotheques\" target=\"_blank\" rel=\"noreferrer noopener\">Mont-Laurier<\/a><\/li>\n\n\n\n<li><a href=\"https:\/\/www.ville.prevost.qc.ca\/loisirs-et-tourisme\/loisirs-et-culture\/bibliotheque\" target=\"_blank\" rel=\"noreferrer noopener\">Pr\u00e9vost&nbsp;<\/a><\/li>\n\n\n\n<li><a href=\"https:\/\/ville.sainte-adele.qc.ca\/bibliotheque.php\">Sainte-Ad\u00e8le<\/a><\/li>\n\n\n\n<li><a href=\"https:\/\/www.villesadp.ca\/loisirs-et-culture\/bibliotheque\" target=\"_blank\" rel=\"noreferrer noopener\">Sainte-Anne-des-Plaines<\/a>&nbsp;&nbsp;&nbsp;<\/li>\n\n\n\n<li><a href=\"https:\/\/st-colomban.qc.ca\/loisirs-et-culture\/culture-et-patrimoine\/bibliotheque-municipale\" target=\"_blank\" rel=\"noreferrer noopener\">Saint-Colomban<\/a>&nbsp;<\/li>\n\n\n\n<li><a href=\"https:\/\/www.vsj.ca\/loisirs\/bibliotheques\/\" target=\"_blank\" rel=\"noreferrer noopener\">Saint-J\u00e9r\u00f4me&nbsp;<\/a><\/li>\n<\/ul>\n\n\t<\/div>\n\n\n\n<div class=\"col-12 col-md-6\">\n\t\t\t\n\n<p><strong>Mauricie<\/strong>&nbsp;&nbsp;<\/p>\n\n\n\n<ul class=\"wp-block-list has-medium-font-size\">\n<li><a href=\"https:\/\/www.ville.latuque.qc.ca\/\" target=\"_blank\" rel=\"noreferrer noopener\">La Tuque&nbsp;<\/a><\/li>\n\n\n\n<li><a href=\"https:\/\/mont-carmel.org\/citoyens\/bibliotheque\" target=\"_blank\" rel=\"noreferrer noopener\">Notre-Dame-du-Mont-Carmel<\/a>&nbsp;<\/li>\n\n\n\n<li><a href=\"https:\/\/biblio.shawinigan.ca\/\" target=\"_blank\" rel=\"noreferrer noopener\">Shawinigan<\/a>&nbsp;<\/li>\n\n\n\n<li><a href=\"https:\/\/www.v3r.net\/activites-et-loisirs\/bibliotheques\/catalogue-emprunt-et-reservation\/\" target=\"_blank\" rel=\"noreferrer noopener\">Trois-Rivi\u00e8res<\/a>&nbsp;&nbsp;<\/li>\n<\/ul>\n\n\n\n<p><strong>Mont\u00e9r\u00e9gie <\/strong>&nbsp;<\/p>\n\n\n\n<ul class=\"wp-block-list has-medium-font-size\">\n<li><a href=\"https:\/\/www.reseaubibliomonteregie.qc.ca\/fr\/bibliotheques-horaire-et-localisation\/b80\/bibliotheque-d-acton-vale\" target=\"_blank\" rel=\"noreferrer noopener\">Acton Vale&nbsp;<\/a><\/li>\n\n\n\n<li><a href=\"https:\/\/ville.beauharnois.qc.ca\/bibliotheque-beauharnois\/\" target=\"_blank\" rel=\"noreferrer noopener\">Beauharnois<\/a>&nbsp;<\/li>\n\n\n\n<li><a href=\"https:\/\/www.boucherville.ca\/bibliotheque\/\" target=\"_blank\" rel=\"noreferrer noopener\">Boucherville<\/a>&nbsp;<\/li>\n\n\n\n<li><a href=\"https:\/\/biblio.brossard.ca\/\" target=\"_blank\" rel=\"noreferrer noopener\">Brossard<\/a>&nbsp;<\/li>\n\n\n\n<li><a href=\"https:\/\/biblio.candiac.ca\/\" target=\"_blank\" rel=\"noreferrer noopener\">Candiac<\/a>&nbsp;&nbsp;&nbsp;<\/li>\n\n\n\n<li><a href=\"https:\/\/www.ville.contrecoeur.qc.ca\/loisir\/bibliotheque-et-culture\/bibliotheque\" target=\"_blank\" rel=\"noreferrer noopener\">Contrec\u0153ur<\/a>&nbsp;&nbsp;<\/li>\n\n\n\n<li><a href=\"https:\/\/ville.delson.qc.ca\/loisirs-culture-et-communautaire\/loisirs-et-culture\/bibliotheque\/\" target=\"_blank\" rel=\"noreferrer noopener\">Delson&nbsp;<\/a><\/li>\n\n\n\n<li><a href=\"https:\/\/www.ile-perrot.qc.ca\/loisirs\/bibliotheque-guy-godin\" target=\"_blank\" rel=\"noreferrer noopener\">\u00cele Perrot&nbsp;<\/a><\/li>\n\n\n\n<li><a href=\"https:\/\/www.ville.mercier.qc.ca\/loisirs-culture-vie-communautaire\/bibliotheque\/\" target=\"_blank\" rel=\"noreferrer noopener\">Mercier<\/a>&nbsp;<\/li>\n\n\n\n<li><a href=\"https:\/\/www.villemsh.ca\/sports-culture-et-loisirs\/bibliotheque\/catalogues\/\" target=\"_blank\" rel=\"noreferrer noopener\">Mont-Saint-Hilaire<\/a>&nbsp;<\/li>\n\n\n\n<li><a href=\"https:\/\/ville.richelieu.qc.ca\/loisirs-culture-et-vie-communautaire\/loisirs-sports-et-culture\/bibliotheque\/\">Richelieu<\/a><\/li>\n\n\n\n<li><a href=\"https:\/\/www.villesblg.ca\/loisirs-et-culture\/bibliotheque\/\" target=\"_blank\" rel=\"noreferrer noopener\">Saint-Basile-le-Grand<\/a>&nbsp;<\/li>\n\n\n\n<li><a href=\"https:\/\/www.municipalite-de-saint-bernard-de-lacolle.ca\/\">Saint-Bernard-de-Lacolle<\/a><\/li>\n\n\n\n<li><a href=\"https:\/\/stbruno.ca\/loisirs-et-culture\/bibliotheque-municipale\/\" target=\"_blank\" rel=\"noreferrer noopener\">Saint-Bruno-de-Montarville&nbsp;<\/a><\/li>\n\n\n\n<li><a href=\"https:\/\/saint-constant-prod.bibliomondo.com\/\" target=\"_blank\" rel=\"noreferrer noopener\">Saint-Constant&nbsp;<\/a><\/li>\n\n\n\n<li><a href=\"https:\/\/ville.saintphilippe.quebec\/bibliotheque\/\" target=\"_blank\" rel=\"noreferrer noopener\">Saint-Philippe<\/a>&nbsp;<\/li>\n\n\n\n<li><a href=\"https:\/\/villest-pie.ca\/service-des-loisirs\/bibliotheque\/\">Saint-Pie<\/a><\/li>\n\n\n\n<li><a href=\"https:\/\/www.reseaubibliomonteregie.qc.ca\/fr\/bibliotheques-horaire-et-localisation\/b92\/bibliotheque-de-saint-nazaire-d-acton-pierrette-duperron-\" target=\"_blank\" rel=\"noreferrer noopener\">Saint-Nazaire-d&#8217;Acton<\/a><\/li>\n\n\n\n<li><a href=\"https:\/\/st-zotique.com\/bibliotheque-renseignements-generaux\/\" target=\"_blank\" rel=\"noreferrer noopener\">Saint-Zotique<\/a>&nbsp;&nbsp;<\/li>\n\n\n\n<li><a href=\"https:\/\/www.ville.valleyfield.qc.ca\/edifices-municipaux\/bibliotheque-armand-frappier-succursale-valleyfield\" target=\"_blank\" rel=\"noreferrer noopener\">Salaberry-de-Valleyfield<\/a>&nbsp;<\/li>\n<\/ul>\n\n\n\n<p><strong>Montr\u00e9al <\/strong>&nbsp;<\/p>\n\n\n\n<ul class=\"wp-block-list has-medium-font-size\">\n<li><a href=\"https:\/\/www.banq.qc.ca\/grande-bibliotheque\/\" target=\"_blank\" rel=\"noreferrer noopener\">BAnQ &#8211; Grande Biblioth\u00e8que&nbsp;<\/a><\/li>\n\n\n\n<li><a href=\"https:\/\/ville.montreal-est.qc.ca\/culture-et-loisirs\/bibliotheque-micheline-gagnon\/\" target=\"_blank\" rel=\"noreferrer noopener\">Montr\u00e9al-Est<\/a>&nbsp;<\/li>\n\n\n\n<li><a href=\"https:\/\/montreal.ca\/lieux\/bibliotheque-pere-ambroise\" target=\"_blank\" rel=\"noreferrer noopener\">P\u00e8re-Ambroise<\/a>&nbsp;<\/li>\n<\/ul>\n\n\n\n<p><strong>Outaouais <\/strong>&nbsp;<\/p>\n\n\n\n<ul class=\"wp-block-list has-medium-font-size\">\n<li><a href=\"https:\/\/www.gatineau.ca\/portail\/default.aspx?p=guichet_municipal\/bibliotheque\" target=\"_blank\" rel=\"noreferrer noopener\">Gatineau&nbsp;<\/a><\/li>\n\n\n\n<li><a href=\"https:\/\/www.chelsea.ca\/fr\/residents\/service-municipaux\/bibliotheque\" target=\"_blank\" rel=\"noreferrer noopener\">Municipalit\u00e9 de Chelsea<\/a><\/li>\n\n\n\n<li><a href=\"https:\/\/municipalitepontiac.com\/bibliotheques\/#bibliotheque-quyon\">Pontiac<\/a><\/li>\n<\/ul>\n\n\n\n<p><strong>Saguenay-Lac-Saint-Jean\u202f<\/strong>&nbsp;<\/p>\n\n\n\n<ul class=\"wp-block-list has-medium-font-size\">\n<li><a href=\"https:\/\/www.ville.alma.qc.ca\/biblio\/\" target=\"_blank\" rel=\"noreferrer noopener\">Alma&nbsp;&nbsp;<\/a><\/li>\n\n\n\n<li><a href=\"https:\/\/ville.dolbeau-mistassini.qc.ca\/citoyens\/bibliotheques\" target=\"_blank\" rel=\"noreferrer noopener\">Dolbeau-Mistassini&nbsp;<\/a><\/li>\n\n\n\n<li><a href=\"https:\/\/ville.saguenay.ca\/fr\/activites-et-loisirs\/bibliotheque\" target=\"_blank\" rel=\"noreferrer noopener\">Saguenay &nbsp;<\/a><\/li>\n<\/ul>\n\n\t<\/div>\n\n<\/div>\n\n<\/div>\n<\/div>\n\n<div class=\"htb htb-texte-image    default-margin-top  default-margin-bottom  htb-uid-2  pic_left\" >\n\t<div class=\"container-xl\">\n\t\t<div class=\"row\">\n\t\t\t<div class=\"col-md-6 col-image \">\n\t\t\t\t\t\t\t\t\t<div class=\"img-box\">\n\t\t\t\t\t\t<img decoding=\"async\" src=\"https:\/\/biblioclub.ca\/2025\/wp-content\/uploads\/sites\/4\/2025\/06\/dsc-0266.jpg\" alt=\"\" class=\"img-fluid\">\n\t\t\t\t\t<\/div>\n\t\t\t\t\t\t\t<\/div>\n\t\t\t<div class=\"col-md-6 col-text \">\n\t\t\t\t<div class=\"content-box\">\n\t\t\t\t\t\t\t\t\t\t<p><strong>Vous ne trouvez pas votre biblioth\u00e8que dans la liste des biblioth\u00e8ques participantes?<\/strong><\/p>\n<p>Vous pouvez tout de m\u00eame profiter des contenus offerts sur le site web du BiblioCLUB pour agr\u00e9menter votre \u00e9t\u00e9 en famille!<\/p>\n<p>Allez visiter votre biblioth\u00e8que pour d\u00e9couvrir sa programmation pour l&#8217;\u00e9t\u00e9 avec des apprentissages, des d\u00e9couvertes et du plaisir au rendez-vous!<\/p>\n\t\t\t\t\t<div class=\"bts-box\"><\/div>\n\t\t\t\t<\/div>\n\t\t\t<\/div>\n\t\t<\/div>\n\t<\/div>\n<\/div>","protected":false},"excerpt":{"rendered":"","protected":false},"author":1,"featured_media":0,"parent":0,"menu_order":0,"comment_status":"closed","ping_status":"closed","template":"","meta":{"_acf_changed":false,"footnotes":""},"class_list":["post-1529","page","type-page","status-publish","hentry"],"acf":[],"yoast_head":"<!-- This site is optimized with the Yoast SEO plugin v24.9 - https:\/\/yoast.com\/wordpress\/plugins\/seo\/ -->\n<title>Biblioth\u00e8ques participantes - Archive Biblioclub 2025<\/title>\n<meta name=\"description\" content=\"Pour t\u2019inscrire au BiblioCLUB, informe-toi aupr\u00e8s de ta biblioth\u00e8que pour ne rien manquer des activit\u00e9s et des suggestions de lecture!\" \/>\n<meta name=\"robots\" content=\"index, follow, max-snippet:-1, max-image-preview:large, max-video-preview:-1\" \/>\n<link rel=\"canonical\" href=\"https:\/\/biblioclub.ca\/2025\/bibliotheque\/\" \/>\n<meta property=\"og:locale\" content=\"fr_FR\" \/>\n<meta property=\"og:type\" content=\"article\" \/>\n<meta property=\"og:title\" content=\"Biblioth\u00e8ques participantes - Archive Biblioclub 2025\" \/>\n<meta property=\"og:description\" content=\"Pour t\u2019inscrire au BiblioCLUB, informe-toi aupr\u00e8s de ta biblioth\u00e8que pour ne rien manquer des activit\u00e9s et des suggestions de lecture!\" \/>\n<meta property=\"og:url\" content=\"https:\/\/biblioclub.ca\/2025\/bibliotheque\/\" \/>\n<meta property=\"og:site_name\" content=\"Archive Biblioclub 2025\" \/>\n<meta property=\"article:modified_time\" content=\"2025-07-04T02:01:37+00:00\" \/>\n<meta name=\"twitter:card\" content=\"summary_large_image\" \/>\n<meta name=\"twitter:label1\" content=\"Dur\u00e9e de lecture estim\u00e9e\" \/>\n\t<meta name=\"twitter:data1\" content=\"1 minute\" \/>\n<script type=\"application\/ld+json\" class=\"yoast-schema-graph\">{\"@context\":\"https:\/\/schema.org\",\"@graph\":[{\"@type\":\"WebPage\",\"@id\":\"https:\/\/biblioclub.ca\/2025\/bibliotheque\/\",\"url\":\"https:\/\/biblioclub.ca\/2025\/bibliotheque\/\",\"name\":\"Biblioth\u00e8ques participantes - Archive Biblioclub 2025\",\"isPartOf\":{\"@id\":\"https:\/\/biblioclub.ca\/2025\/#website\"},\"datePublished\":\"2025-03-30T00:35:51+00:00\",\"dateModified\":\"2025-07-04T02:01:37+00:00\",\"description\":\"Pour t\u2019inscrire au BiblioCLUB, informe-toi aupr\u00e8s de ta biblioth\u00e8que pour ne rien manquer des activit\u00e9s et des suggestions de lecture!\",\"breadcrumb\":{\"@id\":\"https:\/\/biblioclub.ca\/2025\/bibliotheque\/#breadcrumb\"},\"inLanguage\":\"fr-FR\",\"potentialAction\":[{\"@type\":\"ReadAction\",\"target\":[\"https:\/\/biblioclub.ca\/2025\/bibliotheque\/\"]}]},{\"@type\":\"BreadcrumbList\",\"@id\":\"https:\/\/biblioclub.ca\/2025\/bibliotheque\/#breadcrumb\",\"itemListElement\":[{\"@type\":\"ListItem\",\"position\":1,\"name\":\"Accueil\",\"item\":\"https:\/\/biblioclub.ca\/2025\/\"},{\"@type\":\"ListItem\",\"position\":2,\"name\":\"Biblioth\u00e8ques participantes\"}]},{\"@type\":\"WebSite\",\"@id\":\"https:\/\/biblioclub.ca\/2025\/#website\",\"url\":\"https:\/\/biblioclub.ca\/2025\/\",\"name\":\"Archive Biblioclub 2025\",\"description\":\"Club de lecture d&#039;\u00e9t\u00e9 qu\u00e9b\u00e9cois permettant aux jeunes de 3 \u00e0 12 ans d\u2019apprendre et de d\u00e9velopper le go\u00fbt de la lecture\",\"potentialAction\":[{\"@type\":\"SearchAction\",\"target\":{\"@type\":\"EntryPoint\",\"urlTemplate\":\"https:\/\/biblioclub.ca\/2025\/?s={search_term_string}\"},\"query-input\":{\"@type\":\"PropertyValueSpecification\",\"valueRequired\":true,\"valueName\":\"search_term_string\"}}],\"inLanguage\":\"fr-FR\"}]}<\/script>\n<!-- \/ Yoast SEO plugin. -->","yoast_head_json":{"title":"Biblioth\u00e8ques participantes - Archive Biblioclub 2025","description":"Pour t\u2019inscrire au BiblioCLUB, informe-toi aupr\u00e8s de ta biblioth\u00e8que pour ne rien manquer des activit\u00e9s et des suggestions de lecture!","robots":{"index":"index","follow":"follow","max-snippet":"max-snippet:-1","max-image-preview":"max-image-preview:large","max-video-preview":"max-video-preview:-1"},"canonical":"https:\/\/biblioclub.ca\/2025\/bibliotheque\/","og_locale":"fr_FR","og_type":"article","og_title":"Biblioth\u00e8ques participantes - Archive Biblioclub 2025","og_description":"Pour t\u2019inscrire au BiblioCLUB, informe-toi aupr\u00e8s de ta biblioth\u00e8que pour ne rien manquer des activit\u00e9s et des suggestions de lecture!","og_url":"https:\/\/biblioclub.ca\/2025\/bibliotheque\/","og_site_name":"Archive Biblioclub 2025","article_modified_time":"2025-07-04T02:01:37+00:00","twitter_card":"summary_large_image","twitter_misc":{"Dur\u00e9e de lecture estim\u00e9e":"1 minute"},"schema":{"@context":"https:\/\/schema.org","@graph":[{"@type":"WebPage","@id":"https:\/\/biblioclub.ca\/2025\/bibliotheque\/","url":"https:\/\/biblioclub.ca\/2025\/bibliotheque\/","name":"Biblioth\u00e8ques participantes - Archive Biblioclub 2025","isPartOf":{"@id":"https:\/\/biblioclub.ca\/2025\/#website"},"datePublished":"2025-03-30T00:35:51+00:00","dateModified":"2025-07-04T02:01:37+00:00","description":"Pour t\u2019inscrire au BiblioCLUB, informe-toi aupr\u00e8s de ta biblioth\u00e8que pour ne rien manquer des activit\u00e9s et des suggestions de lecture!","breadcrumb":{"@id":"https:\/\/biblioclub.ca\/2025\/bibliotheque\/#breadcrumb"},"inLanguage":"fr-FR","potentialAction":[{"@type":"ReadAction","target":["https:\/\/biblioclub.ca\/2025\/bibliotheque\/"]}]},{"@type":"BreadcrumbList","@id":"https:\/\/biblioclub.ca\/2025\/bibliotheque\/#breadcrumb","itemListElement":[{"@type":"ListItem","position":1,"name":"Accueil","item":"https:\/\/biblioclub.ca\/2025\/"},{"@type":"ListItem","position":2,"name":"Biblioth\u00e8ques participantes"}]},{"@type":"WebSite","@id":"https:\/\/biblioclub.ca\/2025\/#website","url":"https:\/\/biblioclub.ca\/2025\/","name":"Archive Biblioclub 2025","description":"Club de lecture d&#039;\u00e9t\u00e9 qu\u00e9b\u00e9cois permettant aux jeunes de 3 \u00e0 12 ans d\u2019apprendre et de d\u00e9velopper le go\u00fbt de la lecture","potentialAction":[{"@type":"SearchAction","target":{"@type":"EntryPoint","urlTemplate":"https:\/\/biblioclub.ca\/2025\/?s={search_term_string}"},"query-input":{"@type":"PropertyValueSpecification","valueRequired":true,"valueName":"search_term_string"}}],"inLanguage":"fr-FR"}]}},"_links":{"self":[{"href":"https:\/\/biblioclub.ca\/2025\/wp-json\/wp\/v2\/pages\/1529","targetHints":{"allow":["GET"]}}],"collection":[{"href":"https:\/\/biblioclub.ca\/2025\/wp-json\/wp\/v2\/pages"}],"about":[{"href":"https:\/\/biblioclub.ca\/2025\/wp-json\/wp\/v2\/types\/page"}],"author":[{"embeddable":true,"href":"https:\/\/biblioclub.ca\/2025\/wp-json\/wp\/v2\/users\/1"}],"replies":[{"embeddable":true,"href":"https:\/\/biblioclub.ca\/2025\/wp-json\/wp\/v2\/comments?post=1529"}],"version-history":[{"count":37,"href":"https:\/\/biblioclub.ca\/2025\/wp-json\/wp\/v2\/pages\/1529\/revisions"}],"predecessor-version":[{"id":3034,"href":"https:\/\/biblioclub.ca\/2025\/wp-json\/wp\/v2\/pages\/1529\/revisions\/3034"}],"wp:attachment":[{"href":"https:\/\/biblioclub.ca\/2025\/wp-json\/wp\/v2\/media?parent=1529"}],"curies":[{"name":"wp","href":"https:\/\/api.w.org\/{rel}","templated":true}]}}