{"id":1492,"date":"2025-03-29T16:34:45","date_gmt":"2025-03-29T20:34:45","guid":{"rendered":"https:\/\/abpq-club-lecture-1.jolistage.com\/?page_id=1492"},"modified":"2025-04-24T08:04:00","modified_gmt":"2025-04-24T12:04:00","slug":"nous-joindre","status":"publish","type":"page","link":"https:\/\/biblioclub.ca\/2025\/a-propos\/nous-joindre\/","title":{"rendered":"Nous joindre"},"content":{"rendered":"<div class=\"htb htb-texte-image    default-margin-top  default-margin-bottom  bg-color color-purple  htb-uid-1  pic_right\" >\n\t<div class=\"container-xl\">\n\t\t<div class=\"row\">\n\t\t\t<div class=\"col-md-6 col-image order-md-2 \">\n\t\t\t\t\t\t\t\t\t<div class=\"img-box\">\n\t\t\t\t\t\t<img decoding=\"async\" src=\"https:\/\/biblioclub.ca\/2025\/wp-content\/uploads\/sites\/4\/2025\/03\/spot3-abpq-final-2025-1500px.png\" alt=\"\" class=\"img-fluid\">\n\t\t\t\t\t<\/div>\n\t\t\t\t\t\t\t<\/div>\n\t\t\t<div class=\"col-md-6 col-text order-1\">\n\t\t\t\t<div class=\"content-box\">\n\t\t\t\t\t<h2 class=\"title show-as-h1\">Nous joindre<\/h2>\t\t\t\t\t<h2><strong>La communaut\u00e9 du BiblioCLUB<\/strong><\/h2>\n<p><span style=\"font-weight: 400;\">Nous pouvons compter sur une \u00e9quipe de projet d\u00e9vou\u00e9e et un merveilleux comit\u00e9 d\u2019orientation pour concocter un club de lecture plein de contenus pertinents et innovants qui plairont aux familles et serviront les usag\u00e8res et usagers des biblioth\u00e8ques publiques! <\/span><\/p>\n<p><span style=\"font-weight: 400;\">Tous les contenus du BiblioCLUB ont \u00e9t\u00e9 pens\u00e9s par des biblioth\u00e9caires, des techniciennes en documentation et des animatrices du livre qui souhaitent transmettre leur passion pour la lecture et la nature.<br \/>\n<\/span><!-- wp:paragraph {\"align\":\"right\"} --><\/p>\n<p>N&#8217;h\u00e9sitez pas \u00e0 entrer en contact avec notre \u00e9quipe si vous avez des questions ou des commentaires!<\/p>\n<p><strong>\u00a0<\/strong><\/p>\n<p><strong>Association des biblioth\u00e8ques publiques du Qu\u00e9bec<\/strong><\/p>\n<p>1453, rue Beaubien Est, bureau 215<br \/>\nMontr\u00e9al (Qu\u00e9bec) H2G 3C6<\/p>\n<p><strong>Pour toutes questions ou tous commentaires, \u00e9crivez-nous \u00e0<\/strong> <a href=\"mailto:biblioclub@abpq.ca\" target=\"_blank\" rel=\"noopener\">biblioclub@abpq.ca<\/a><\/p>\n\t\t\t\t\t<div class=\"bts-box\"><\/div>\n\t\t\t\t<\/div>\n\t\t\t<\/div>\n\t\t<\/div>\n\t<\/div>\n<\/div>","protected":false},"excerpt":{"rendered":"","protected":false},"author":1,"featured_media":0,"parent":1482,"menu_order":0,"comment_status":"closed","ping_status":"closed","template":"","meta":{"_acf_changed":false,"footnotes":""},"class_list":["post-1492","page","type-page","status-publish","hentry"],"acf":[],"yoast_head":"<!-- This site is optimized with the Yoast SEO plugin v24.9 - https:\/\/yoast.com\/wordpress\/plugins\/seo\/ -->\n<title>Nous joindre - Archive Biblioclub 2025<\/title>\n<meta name=\"description\" content=\"Tous les contenus du BiblioCLUB ont \u00e9t\u00e9 pens\u00e9s par des biblioth\u00e9caires, des techniciennes en documentation et des animatrices du livre qui souhaitent transmettre leur passion pour la lecture et la nature. N&#039;h\u00e9sitez pas \u00e0 entrer en contact avec notre \u00e9quipe si vous avez des questions ou des commentaires!\" \/>\n<meta name=\"robots\" content=\"index, follow, max-snippet:-1, max-image-preview:large, max-video-preview:-1\" \/>\n<link rel=\"canonical\" href=\"https:\/\/biblioclub.ca\/2025\/a-propos\/nous-joindre\/\" \/>\n<meta property=\"og:locale\" content=\"fr_FR\" \/>\n<meta property=\"og:type\" content=\"article\" \/>\n<meta property=\"og:title\" content=\"Nous joindre - Archive Biblioclub 2025\" \/>\n<meta property=\"og:description\" content=\"Tous les contenus du BiblioCLUB ont \u00e9t\u00e9 pens\u00e9s par des biblioth\u00e9caires, des techniciennes en documentation et des animatrices du livre qui souhaitent transmettre leur passion pour la lecture et la nature. N&#039;h\u00e9sitez pas \u00e0 entrer en contact avec notre \u00e9quipe si vous avez des questions ou des commentaires!\" \/>\n<meta property=\"og:url\" content=\"https:\/\/biblioclub.ca\/2025\/a-propos\/nous-joindre\/\" \/>\n<meta property=\"og:site_name\" content=\"Archive Biblioclub 2025\" \/>\n<meta property=\"article:modified_time\" content=\"2025-04-24T12:04:00+00:00\" \/>\n<meta name=\"twitter:card\" content=\"summary_large_image\" \/>\n<script type=\"application\/ld+json\" class=\"yoast-schema-graph\">{\"@context\":\"https:\/\/schema.org\",\"@graph\":[{\"@type\":\"WebPage\",\"@id\":\"https:\/\/biblioclub.ca\/2025\/a-propos\/nous-joindre\/\",\"url\":\"https:\/\/biblioclub.ca\/2025\/a-propos\/nous-joindre\/\",\"name\":\"Nous joindre - Archive Biblioclub 2025\",\"isPartOf\":{\"@id\":\"https:\/\/biblioclub.ca\/2025\/#website\"},\"datePublished\":\"2025-03-29T20:34:45+00:00\",\"dateModified\":\"2025-04-24T12:04:00+00:00\",\"description\":\"Tous les contenus du BiblioCLUB ont \u00e9t\u00e9 pens\u00e9s par des biblioth\u00e9caires, des techniciennes en documentation et des animatrices du livre qui souhaitent transmettre leur passion pour la lecture et la nature. N'h\u00e9sitez pas \u00e0 entrer en contact avec notre \u00e9quipe si vous avez des questions ou des commentaires!\",\"breadcrumb\":{\"@id\":\"https:\/\/biblioclub.ca\/2025\/a-propos\/nous-joindre\/#breadcrumb\"},\"inLanguage\":\"fr-FR\",\"potentialAction\":[{\"@type\":\"ReadAction\",\"target\":[\"https:\/\/biblioclub.ca\/2025\/a-propos\/nous-joindre\/\"]}]},{\"@type\":\"BreadcrumbList\",\"@id\":\"https:\/\/biblioclub.ca\/2025\/a-propos\/nous-joindre\/#breadcrumb\",\"itemListElement\":[{\"@type\":\"ListItem\",\"position\":1,\"name\":\"Accueil\",\"item\":\"https:\/\/biblioclub.ca\/2025\/\"},{\"@type\":\"ListItem\",\"position\":2,\"name\":\"Tout savoir sur le BiblioCLUB\",\"item\":\"https:\/\/biblioclub.ca\/2025\/a-propos\/\"},{\"@type\":\"ListItem\",\"position\":3,\"name\":\"Nous joindre\"}]},{\"@type\":\"WebSite\",\"@id\":\"https:\/\/biblioclub.ca\/2025\/#website\",\"url\":\"https:\/\/biblioclub.ca\/2025\/\",\"name\":\"Archive Biblioclub 2025\",\"description\":\"Club de lecture d&#039;\u00e9t\u00e9 qu\u00e9b\u00e9cois permettant aux jeunes de 3 \u00e0 12 ans d\u2019apprendre et de d\u00e9velopper le go\u00fbt de la lecture\",\"potentialAction\":[{\"@type\":\"SearchAction\",\"target\":{\"@type\":\"EntryPoint\",\"urlTemplate\":\"https:\/\/biblioclub.ca\/2025\/?s={search_term_string}\"},\"query-input\":{\"@type\":\"PropertyValueSpecification\",\"valueRequired\":true,\"valueName\":\"search_term_string\"}}],\"inLanguage\":\"fr-FR\"}]}<\/script>\n<!-- \/ Yoast SEO plugin. -->","yoast_head_json":{"title":"Nous joindre - Archive Biblioclub 2025","description":"Tous les contenus du BiblioCLUB ont \u00e9t\u00e9 pens\u00e9s par des biblioth\u00e9caires, des techniciennes en documentation et des animatrices du livre qui souhaitent transmettre leur passion pour la lecture et la nature. N'h\u00e9sitez pas \u00e0 entrer en contact avec notre \u00e9quipe si vous avez des questions ou des commentaires!","robots":{"index":"index","follow":"follow","max-snippet":"max-snippet:-1","max-image-preview":"max-image-preview:large","max-video-preview":"max-video-preview:-1"},"canonical":"https:\/\/biblioclub.ca\/2025\/a-propos\/nous-joindre\/","og_locale":"fr_FR","og_type":"article","og_title":"Nous joindre - Archive Biblioclub 2025","og_description":"Tous les contenus du BiblioCLUB ont \u00e9t\u00e9 pens\u00e9s par des biblioth\u00e9caires, des techniciennes en documentation et des animatrices du livre qui souhaitent transmettre leur passion pour la lecture et la nature. N'h\u00e9sitez pas \u00e0 entrer en contact avec notre \u00e9quipe si vous avez des questions ou des commentaires!","og_url":"https:\/\/biblioclub.ca\/2025\/a-propos\/nous-joindre\/","og_site_name":"Archive Biblioclub 2025","article_modified_time":"2025-04-24T12:04:00+00:00","twitter_card":"summary_large_image","schema":{"@context":"https:\/\/schema.org","@graph":[{"@type":"WebPage","@id":"https:\/\/biblioclub.ca\/2025\/a-propos\/nous-joindre\/","url":"https:\/\/biblioclub.ca\/2025\/a-propos\/nous-joindre\/","name":"Nous joindre - Archive Biblioclub 2025","isPartOf":{"@id":"https:\/\/biblioclub.ca\/2025\/#website"},"datePublished":"2025-03-29T20:34:45+00:00","dateModified":"2025-04-24T12:04:00+00:00","description":"Tous les contenus du BiblioCLUB ont \u00e9t\u00e9 pens\u00e9s par des biblioth\u00e9caires, des techniciennes en documentation et des animatrices du livre qui souhaitent transmettre leur passion pour la lecture et la nature. N'h\u00e9sitez pas \u00e0 entrer en contact avec notre \u00e9quipe si vous avez des questions ou des commentaires!","breadcrumb":{"@id":"https:\/\/biblioclub.ca\/2025\/a-propos\/nous-joindre\/#breadcrumb"},"inLanguage":"fr-FR","potentialAction":[{"@type":"ReadAction","target":["https:\/\/biblioclub.ca\/2025\/a-propos\/nous-joindre\/"]}]},{"@type":"BreadcrumbList","@id":"https:\/\/biblioclub.ca\/2025\/a-propos\/nous-joindre\/#breadcrumb","itemListElement":[{"@type":"ListItem","position":1,"name":"Accueil","item":"https:\/\/biblioclub.ca\/2025\/"},{"@type":"ListItem","position":2,"name":"Tout savoir sur le BiblioCLUB","item":"https:\/\/biblioclub.ca\/2025\/a-propos\/"},{"@type":"ListItem","position":3,"name":"Nous joindre"}]},{"@type":"WebSite","@id":"https:\/\/biblioclub.ca\/2025\/#website","url":"https:\/\/biblioclub.ca\/2025\/","name":"Archive Biblioclub 2025","description":"Club de lecture d&#039;\u00e9t\u00e9 qu\u00e9b\u00e9cois permettant aux jeunes de 3 \u00e0 12 ans d\u2019apprendre et de d\u00e9velopper le go\u00fbt de la lecture","potentialAction":[{"@type":"SearchAction","target":{"@type":"EntryPoint","urlTemplate":"https:\/\/biblioclub.ca\/2025\/?s={search_term_string}"},"query-input":{"@type":"PropertyValueSpecification","valueRequired":true,"valueName":"search_term_string"}}],"inLanguage":"fr-FR"}]}},"_links":{"self":[{"href":"https:\/\/biblioclub.ca\/2025\/wp-json\/wp\/v2\/pages\/1492","targetHints":{"allow":["GET"]}}],"collection":[{"href":"https:\/\/biblioclub.ca\/2025\/wp-json\/wp\/v2\/pages"}],"about":[{"href":"https:\/\/biblioclub.ca\/2025\/wp-json\/wp\/v2\/types\/page"}],"author":[{"embeddable":true,"href":"https:\/\/biblioclub.ca\/2025\/wp-json\/wp\/v2\/users\/1"}],"replies":[{"embeddable":true,"href":"https:\/\/biblioclub.ca\/2025\/wp-json\/wp\/v2\/comments?post=1492"}],"version-history":[{"count":8,"href":"https:\/\/biblioclub.ca\/2025\/wp-json\/wp\/v2\/pages\/1492\/revisions"}],"predecessor-version":[{"id":1954,"href":"https:\/\/biblioclub.ca\/2025\/wp-json\/wp\/v2\/pages\/1492\/revisions\/1954"}],"up":[{"embeddable":true,"href":"https:\/\/biblioclub.ca\/2025\/wp-json\/wp\/v2\/pages\/1482"}],"wp:attachment":[{"href":"https:\/\/biblioclub.ca\/2025\/wp-json\/wp\/v2\/media?parent=1492"}],"curies":[{"name":"wp","href":"https:\/\/api.w.org\/{rel}","templated":true}]}}